{"id":44,"date":"2023-04-26T13:37:20","date_gmt":"2023-04-26T11:37:20","guid":{"rendered":"http:\/\/etcgoncalves.fr\/?page_id=44"},"modified":"2023-08-07T13:37:50","modified_gmt":"2023-08-07T11:37:50","slug":"a-propos","status":"publish","type":"page","link":"https:\/\/etcgoncalves.fr\/index.php\/a-propos\/","title":{"rendered":"\u00c0 propos"},"content":{"rendered":"\t\t<div data-elementor-type=\"wp-page\" data-elementor-id=\"44\" class=\"elementor elementor-44\">\n\t\t\t\t\t\t<section class=\"elementor-section elementor-top-section elementor-element elementor-element-07266f9 elementor-section-boxed elementor-section-height-default elementor-section-height-default\" data-id=\"07266f9\" data-element_type=\"section\">\n\t\t\t\t\t\t<div class=\"elementor-container elementor-column-gap-default\">\n\t\t\t\t\t<div class=\"elementor-column elementor-col-100 elementor-top-column elementor-element elementor-element-6f375a4\" data-id=\"6f375a4\" data-element_type=\"column\">\n\t\t\t<div class=\"elementor-widget-wrap elementor-element-populated\">\n\t\t\t\t\t\t<div class=\"elementor-element elementor-element-1bb4901 elementor-widget elementor-widget-spacer\" data-id=\"1bb4901\" data-element_type=\"widget\" data-widget_type=\"spacer.default\">\n\t\t\t\t<div class=\"elementor-widget-container\">\n\t\t\t\t\t\t\t<div class=\"elementor-spacer\">\n\t\t\t<div class=\"elementor-spacer-inner\"><\/div>\n\t\t<\/div>\n\t\t\t\t\t\t<\/div>\n\t\t\t\t<\/div>\n\t\t\t\t<div class=\"elementor-element elementor-element-6f6cd47e elementor-widget elementor-widget-heading\" data-id=\"6f6cd47e\" data-element_type=\"widget\" data-widget_type=\"heading.default\">\n\t\t\t\t<div class=\"elementor-widget-container\">\n\t\t\t\t\t<h2 class=\"elementor-heading-title elementor-size-default\">\u00c0 propos de nous<\/h2>\t\t\t\t<\/div>\n\t\t\t\t<\/div>\n\t\t\t\t<div class=\"elementor-element elementor-element-735b8bca elementor-widget elementor-widget-text-editor\" data-id=\"735b8bca\" data-element_type=\"widget\" data-widget_type=\"text-editor.default\">\n\t\t\t\t<div class=\"elementor-widget-container\">\n\t\t\t\t\t\t\t\t\t<p>Bienvenue chez ETC Goncalves !<\/p><p>Forts de plus de 10 ans d&rsquo;exp\u00e9rience dans le milieu de l&rsquo;<a href=\"https:\/\/fr.wikipedia.org\/wiki\/%C3%89tanch%C3%A9it%C3%A9_(construction)\">\u00e9tanch\u00e9it\u00e9<\/a> et de la couverture, nous sommes fiers de vous fournir un travail de qualit\u00e9 \u00e0 Clermont-Ferrand, dans le Puy-de-D\u00f4me (63) et l&rsquo;Auvergne. Nous comprenons l&rsquo;importance de vos projets et nous nous engageons \u00e0 offrir des solutions adapt\u00e9es \u00e0 vos besoins sp\u00e9cifiques.<\/p>\t\t\t\t\t\t\t\t<\/div>\n\t\t\t\t<\/div>\n\t\t\t\t\t<\/div>\n\t\t<\/div>\n\t\t\t\t\t<\/div>\n\t\t<\/section>\n\t\t\t\t<section class=\"elementor-section elementor-top-section elementor-element elementor-element-211dca02 elementor-section-boxed elementor-section-height-default elementor-section-height-default\" data-id=\"211dca02\" data-element_type=\"section\">\n\t\t\t\t\t\t<div class=\"elementor-container elementor-column-gap-default\">\n\t\t\t\t\t<div class=\"elementor-column elementor-col-33 elementor-top-column elementor-element elementor-element-51d70a73\" data-id=\"51d70a73\" data-element_type=\"column\">\n\t\t\t<div class=\"elementor-widget-wrap elementor-element-populated\">\n\t\t\t\t\t\t<div class=\"elementor-element elementor-element-46f8f851 elementor-view-default elementor-position-top elementor-mobile-position-top elementor-widget elementor-widget-icon-box\" data-id=\"46f8f851\" data-element_type=\"widget\" data-widget_type=\"icon-box.default\">\n\t\t\t\t<div class=\"elementor-widget-container\">\n\t\t\t\t\t\t\t<div class=\"elementor-icon-box-wrapper\">\n\n\t\t\t\t\t\t<div class=\"elementor-icon-box-icon\">\n\t\t\t\t<span  class=\"elementor-icon\">\n\t\t\t\t<i aria-hidden=\"true\" class=\"fas fa-check\"><\/i>\t\t\t\t<\/span>\n\t\t\t<\/div>\n\t\t\t\n\t\t\t\t\t\t<div class=\"elementor-icon-box-content\">\n\n\t\t\t\t\t\t\t\t\t<h3 class=\"elementor-icon-box-title\">\n\t\t\t\t\t\t<span  >\n\t\t\t\t\t\t\tUn travail de qualit\u00e9\t\t\t\t\t\t<\/span>\n\t\t\t\t\t<\/h3>\n\t\t\t\t\n\t\t\t\t\n\t\t\t<\/div>\n\t\t\t\n\t\t<\/div>\n\t\t\t\t\t\t<\/div>\n\t\t\t\t<\/div>\n\t\t\t\t\t<\/div>\n\t\t<\/div>\n\t\t\t\t<div class=\"elementor-column elementor-col-33 elementor-top-column elementor-element elementor-element-fbedba5\" data-id=\"fbedba5\" data-element_type=\"column\">\n\t\t\t<div class=\"elementor-widget-wrap elementor-element-populated\">\n\t\t\t\t\t\t<div class=\"elementor-element elementor-element-1584c4ce elementor-view-default elementor-position-top elementor-mobile-position-top elementor-widget elementor-widget-icon-box\" data-id=\"1584c4ce\" data-element_type=\"widget\" data-widget_type=\"icon-box.default\">\n\t\t\t\t<div class=\"elementor-widget-container\">\n\t\t\t\t\t\t\t<div class=\"elementor-icon-box-wrapper\">\n\n\t\t\t\t\t\t<div class=\"elementor-icon-box-icon\">\n\t\t\t\t<span  class=\"elementor-icon\">\n\t\t\t\t<i aria-hidden=\"true\" class=\"fas fa-tools\"><\/i>\t\t\t\t<\/span>\n\t\t\t<\/div>\n\t\t\t\n\t\t\t\t\t\t<div class=\"elementor-icon-box-content\">\n\n\t\t\t\t\t\t\t\t\t<h3 class=\"elementor-icon-box-title\">\n\t\t\t\t\t\t<span  >\n\t\t\t\t\t\t\tdans le respect des normes de s\u00e9curit\u00e9\t\t\t\t\t\t<\/span>\n\t\t\t\t\t<\/h3>\n\t\t\t\t\n\t\t\t\t\n\t\t\t<\/div>\n\t\t\t\n\t\t<\/div>\n\t\t\t\t\t\t<\/div>\n\t\t\t\t<\/div>\n\t\t\t\t\t<\/div>\n\t\t<\/div>\n\t\t\t\t<div class=\"elementor-column elementor-col-33 elementor-top-column elementor-element elementor-element-76715283\" data-id=\"76715283\" data-element_type=\"column\">\n\t\t\t<div class=\"elementor-widget-wrap elementor-element-populated\">\n\t\t\t\t\t\t<div class=\"elementor-element elementor-element-e4b461e elementor-view-default elementor-position-top elementor-mobile-position-top elementor-widget elementor-widget-icon-box\" data-id=\"e4b461e\" data-element_type=\"widget\" data-widget_type=\"icon-box.default\">\n\t\t\t\t<div class=\"elementor-widget-container\">\n\t\t\t\t\t\t\t<div class=\"elementor-icon-box-wrapper\">\n\n\t\t\t\t\t\t<div class=\"elementor-icon-box-icon\">\n\t\t\t\t<span  class=\"elementor-icon\">\n\t\t\t\t<i aria-hidden=\"true\" class=\"fas fa-clock\"><\/i>\t\t\t\t<\/span>\n\t\t\t<\/div>\n\t\t\t\n\t\t\t\t\t\t<div class=\"elementor-icon-box-content\">\n\n\t\t\t\t\t\t\t\t\t<h3 class=\"elementor-icon-box-title\">\n\t\t\t\t\t\t<span  >\n\t\t\t\t\t\t\tet des d\u00e9lais convenus \t\t\t\t\t\t<\/span>\n\t\t\t\t\t<\/h3>\n\t\t\t\t\n\t\t\t\t\n\t\t\t<\/div>\n\t\t\t\n\t\t<\/div>\n\t\t\t\t\t\t<\/div>\n\t\t\t\t<\/div>\n\t\t\t\t\t<\/div>\n\t\t<\/div>\n\t\t\t\t\t<\/div>\n\t\t<\/section>\n\t\t\t\t<section class=\"elementor-section elementor-top-section elementor-element elementor-element-ac8fc3e elementor-section-boxed elementor-section-height-default elementor-section-height-default\" data-id=\"ac8fc3e\" data-element_type=\"section\">\n\t\t\t\t\t\t<div class=\"elementor-container elementor-column-gap-default\">\n\t\t\t\t\t<div class=\"elementor-column elementor-col-50 elementor-top-column elementor-element elementor-element-fa09cf3\" data-id=\"fa09cf3\" data-element_type=\"column\">\n\t\t\t<div class=\"elementor-widget-wrap elementor-element-populated\">\n\t\t\t\t\t\t<div class=\"elementor-element elementor-element-132d022 elementor-widget elementor-widget-text-editor\" data-id=\"132d022\" data-element_type=\"widget\" data-widget_type=\"text-editor.default\">\n\t\t\t\t<div class=\"elementor-widget-container\">\n\t\t\t\t\t\t\t\t\t<p>Notre \u00e9quipe qualifi\u00e9e est compos\u00e9e de professionnels exp\u00e9riment\u00e9s et d\u00e9vou\u00e9s, pr\u00eats \u00e0 relever tous les d\u00e9fis li\u00e9s \u00e0 l&rsquo;\u00e9tanch\u00e9it\u00e9. Notre objectif est d&rsquo;offrir des solutions durables et efficaces pour prot\u00e9ger votre structure contre les infiltrations d&rsquo;eau, l&rsquo;humidit\u00e9 et les dommages caus\u00e9s par les intemp\u00e9ries.<\/p><p>Nous mettons en \u0153uvre les techniques et les mat\u00e9riaux les plus avanc\u00e9s pour assurer une \u00e9tanch\u00e9it\u00e9 optimale, que ce soit pour les toitures, les terrasses, les murs enterr\u00e9s ou les balcons.\u00a0<\/p><p>Chez ETC Goncalves, nous sommes d\u00e9termin\u00e9s \u00e0 \u00e9tablir des relations solides avec nos clients, bas\u00e9es sur la confiance et la satisfaction.\u00a0<\/p>\t\t\t\t\t\t\t\t<\/div>\n\t\t\t\t<\/div>\n\t\t\t\t\t<\/div>\n\t\t<\/div>\n\t\t\t\t<div class=\"elementor-column elementor-col-50 elementor-top-column elementor-element elementor-element-a6b5191\" data-id=\"a6b5191\" data-element_type=\"column\">\n\t\t\t<div class=\"elementor-widget-wrap elementor-element-populated\">\n\t\t\t\t\t\t<div class=\"elementor-element elementor-element-8e14081 elementor-widget elementor-widget-image\" data-id=\"8e14081\" data-element_type=\"widget\" data-widget_type=\"image.default\">\n\t\t\t\t<div class=\"elementor-widget-container\">\n\t\t\t\t\t\t\t\t\t\t\t\t\t\t\t<img fetchpriority=\"high\" decoding=\"async\" width=\"1000\" height=\"500\" src=\"https:\/\/etcgoncalves.fr\/wp-content\/uploads\/2023\/05\/dalles-sur-plots2.jpg\" class=\"attachment-large size-large wp-image-226\" alt=\"\" srcset=\"https:\/\/etcgoncalves.fr\/wp-content\/uploads\/2023\/05\/dalles-sur-plots2.jpg 1000w, https:\/\/etcgoncalves.fr\/wp-content\/uploads\/2023\/05\/dalles-sur-plots2-300x150.jpg 300w, https:\/\/etcgoncalves.fr\/wp-content\/uploads\/2023\/05\/dalles-sur-plots2-768x384.jpg 768w\" sizes=\"(max-width: 1000px) 100vw, 1000px\" \/>\t\t\t\t\t\t\t\t\t\t\t\t\t\t\t<\/div>\n\t\t\t\t<\/div>\n\t\t\t\t\t<\/div>\n\t\t<\/div>\n\t\t\t\t\t<\/div>\n\t\t<\/section>\n\t\t\t\t<section class=\"elementor-section elementor-top-section elementor-element elementor-element-2ac2a503 elementor-section-boxed elementor-section-height-default elementor-section-height-default\" data-id=\"2ac2a503\" data-element_type=\"section\" data-settings=\"{&quot;background_background&quot;:&quot;classic&quot;}\">\n\t\t\t\t\t\t<div class=\"elementor-container elementor-column-gap-default\">\n\t\t\t\t\t<div class=\"elementor-column elementor-col-50 elementor-top-column elementor-element elementor-element-1fcf3bda\" data-id=\"1fcf3bda\" data-element_type=\"column\">\n\t\t\t<div class=\"elementor-widget-wrap elementor-element-populated\">\n\t\t\t\t\t\t<div class=\"elementor-element elementor-element-619e2b11 elementor-widget elementor-widget-image\" data-id=\"619e2b11\" data-element_type=\"widget\" data-widget_type=\"image.default\">\n\t\t\t\t<div class=\"elementor-widget-container\">\n\t\t\t\t\t\t\t\t\t\t\t\t\t\t\t<img decoding=\"async\" width=\"1024\" height=\"1024\" src=\"https:\/\/etcgoncalves.fr\/wp-content\/uploads\/2023\/05\/Icons-devis-gratuit-bleu-03-1024x1024.png\" class=\"attachment-large size-large wp-image-270\" alt=\"\" srcset=\"https:\/\/etcgoncalves.fr\/wp-content\/uploads\/2023\/05\/Icons-devis-gratuit-bleu-03-1024x1024.png 1024w, https:\/\/etcgoncalves.fr\/wp-content\/uploads\/2023\/05\/Icons-devis-gratuit-bleu-03-300x300.png 300w, https:\/\/etcgoncalves.fr\/wp-content\/uploads\/2023\/05\/Icons-devis-gratuit-bleu-03-150x150.png 150w, https:\/\/etcgoncalves.fr\/wp-content\/uploads\/2023\/05\/Icons-devis-gratuit-bleu-03-768x768.png 768w, https:\/\/etcgoncalves.fr\/wp-content\/uploads\/2023\/05\/Icons-devis-gratuit-bleu-03-1536x1536.png 1536w, https:\/\/etcgoncalves.fr\/wp-content\/uploads\/2023\/05\/Icons-devis-gratuit-bleu-03.png 1875w\" sizes=\"(max-width: 1024px) 100vw, 1024px\" \/>\t\t\t\t\t\t\t\t\t\t\t\t\t\t\t<\/div>\n\t\t\t\t<\/div>\n\t\t\t\t\t<\/div>\n\t\t<\/div>\n\t\t\t\t<div class=\"elementor-column elementor-col-50 elementor-top-column elementor-element elementor-element-260365a\" data-id=\"260365a\" data-element_type=\"column\">\n\t\t\t<div class=\"elementor-widget-wrap elementor-element-populated\">\n\t\t\t\t\t\t<div class=\"elementor-element elementor-element-38a18699 elementor-widget elementor-widget-text-editor\" data-id=\"38a18699\" data-element_type=\"widget\" data-widget_type=\"text-editor.default\">\n\t\t\t\t<div class=\"elementor-widget-container\">\n\t\t\t\t\t\t\t\t\t<p>Particulier ou professionnel, nous sommes \u00e0 votre disposition pour vous conseiller et vous accompagner tout au long de votre projet. <strong>N&rsquo;attendez plus pour nous contacter et demander votre devis gratuit !<\/strong> Nous sommes disponibles pour r\u00e9pondre \u00e0 toutes vos questions.<\/p>\t\t\t\t\t\t\t\t<\/div>\n\t\t\t\t<\/div>\n\t\t\t\t<div class=\"elementor-element elementor-element-6bb81339 elementor-align-left elementor-mobile-align-center elementor-widget elementor-widget-button\" data-id=\"6bb81339\" data-element_type=\"widget\" data-widget_type=\"button.default\">\n\t\t\t\t<div class=\"elementor-widget-container\">\n\t\t\t\t\t\t\t\t\t<div class=\"elementor-button-wrapper\">\n\t\t\t\t\t<a class=\"elementor-button elementor-button-link elementor-size-sm\" href=\"http:\/\/etcgoncalves.fr\/index.php\/contact\/\">\n\t\t\t\t\t\t<span class=\"elementor-button-content-wrapper\">\n\t\t\t\t\t\t\t\t\t<span class=\"elementor-button-text\">Demander un devis<\/span>\n\t\t\t\t\t<\/span>\n\t\t\t\t\t<\/a>\n\t\t\t\t<\/div>\n\t\t\t\t\t\t\t\t<\/div>\n\t\t\t\t<\/div>\n\t\t\t\t\t<\/div>\n\t\t<\/div>\n\t\t\t\t\t<\/div>\n\t\t<\/section>\n\t\t\t\t<\/div>\n\t\t","protected":false},"excerpt":{"rendered":"<p>\u00c0 propos de nous Bienvenue chez ETC Goncalves ! Forts de plus de 10 ans d&rsquo;exp\u00e9rience dans le milieu de l&rsquo;\u00e9tanch\u00e9it\u00e9 et de la couverture, nous sommes fiers de vous fournir un travail de qualit\u00e9 \u00e0 Clermont-Ferrand, dans le Puy-de-D\u00f4me (63) et l&rsquo;Auvergne. Nous comprenons l&rsquo;importance de vos projets et nous nous engageons \u00e0 offrir [&hellip;]<\/p>\n","protected":false},"author":1,"featured_media":253,"parent":0,"menu_order":0,"comment_status":"closed","ping_status":"closed","template":"","meta":{"_monsterinsights_skip_tracking":false,"_monsterinsights_sitenote_active":false,"_monsterinsights_sitenote_note":"","_monsterinsights_sitenote_category":0,"site-sidebar-layout":"no-sidebar","site-content-layout":"page-builder","ast-site-content-layout":"default","site-content-style":"default","site-sidebar-style":"default","ast-global-header-display":"","ast-banner-title-visibility":"","ast-main-header-display":"","ast-hfb-above-header-display":"","ast-hfb-below-header-display":"","ast-hfb-mobile-header-display":"","site-post-title":"disabled","ast-breadcrumbs-content":"","ast-featured-img":"disabled","footer-sml-layout":"","theme-transparent-header-meta":"","adv-header-id-meta":"","stick-header-meta":"","header-above-stick-meta":"","header-main-stick-meta":"","header-below-stick-meta":"","astra-migrate-meta-layouts":"default","ast-page-background-enabled":"default","ast-page-background-meta":{"desktop":{"background-color":"var(--ast-global-color-4)","background-image":"","background-repeat":"repeat","background-position":"center center","background-size":"auto","background-attachment":"scroll","background-type":"","background-media":"","overlay-type":"","overlay-color":"","overlay-opacity":"","overlay-gradient":""},"tablet":{"background-color":"","background-image":"","background-repeat":"repeat","background-position":"center center","background-size":"auto","background-attachment":"scroll","background-type":"","background-media":"","overlay-type":"","overlay-color":"","overlay-opacity":"","overlay-gradient":""},"mobile":{"background-color":"","background-image":"","background-repeat":"repeat","background-position":"center center","background-size":"auto","background-attachment":"scroll","background-type":"","background-media":"","overlay-type":"","overlay-color":"","overlay-opacity":"","overlay-gradient":""}},"ast-content-background-meta":{"desktop":{"background-color":"var(--ast-global-color-5)","background-image":"","background-repeat":"repeat","background-position":"center center","background-size":"auto","background-attachment":"scroll","background-type":"","background-media":"","overlay-type":"","overlay-color":"","overlay-opacity":"","overlay-gradient":""},"tablet":{"background-color":"var(--ast-global-color-5)","background-image":"","background-repeat":"repeat","background-position":"center center","background-size":"auto","background-attachment":"scroll","background-type":"","background-media":"","overlay-type":"","overlay-color":"","overlay-opacity":"","overlay-gradient":""},"mobile":{"background-color":"var(--ast-global-color-5)","background-image":"","background-repeat":"repeat","background-position":"center center","background-size":"auto","background-attachment":"scroll","background-type":"","background-media":"","overlay-type":"","overlay-color":"","overlay-opacity":"","overlay-gradient":""}},"footnotes":""},"class_list":["post-44","page","type-page","status-publish","has-post-thumbnail","hentry"],"yoast_head":"<!-- This site is optimized with the Yoast SEO plugin v26.3 - https:\/\/yoast.com\/wordpress\/plugins\/seo\/ -->\n<title>ETC Goncalves - Votre sp\u00e9cialiste de l&#039;\u00e9tanch\u00e9it\u00e9 dans le 63<\/title>\n<meta name=\"description\" content=\"ETC Goncalves - Vos travaux d\u2019\u00e9tanch\u00e9it\u00e9 et de couverture \u00e0 Clermont-Ferrand, dans le Puy-de-d\u00f4me (63) et l&#039;Auvergne\" \/>\n<meta name=\"robots\" content=\"index, follow, max-snippet:-1, max-image-preview:large, max-video-preview:-1\" \/>\n<link rel=\"canonical\" href=\"https:\/\/etcgoncalves.fr\/index.php\/a-propos\/\" \/>\n<meta property=\"og:locale\" content=\"fr_FR\" \/>\n<meta property=\"og:type\" content=\"article\" \/>\n<meta property=\"og:title\" content=\"ETC Goncalves - Votre sp\u00e9cialiste de l&#039;\u00e9tanch\u00e9it\u00e9 dans le 63\" \/>\n<meta property=\"og:description\" content=\"ETC Goncalves - Vos travaux d\u2019\u00e9tanch\u00e9it\u00e9 et de couverture \u00e0 Clermont-Ferrand, dans le Puy-de-d\u00f4me (63) et l&#039;Auvergne\" \/>\n<meta property=\"og:url\" content=\"https:\/\/etcgoncalves.fr\/index.php\/a-propos\/\" \/>\n<meta property=\"og:site_name\" content=\"ETC Goncalves\" \/>\n<meta property=\"article:publisher\" content=\"https:\/\/www.facebook.com\/etcgoncalves\/\" \/>\n<meta property=\"article:modified_time\" content=\"2023-08-07T11:37:50+00:00\" \/>\n<meta property=\"og:image\" content=\"https:\/\/etcgoncalves.fr\/wp-content\/uploads\/2023\/05\/etancheite-toit-terrasse-etc-goncalves-rotated.jpg\" \/>\n\t<meta property=\"og:image:width\" content=\"750\" \/>\n\t<meta property=\"og:image:height\" content=\"1000\" \/>\n\t<meta property=\"og:image:type\" content=\"image\/jpeg\" \/>\n<meta name=\"twitter:card\" content=\"summary_large_image\" \/>\n<meta name=\"twitter:label1\" content=\"Dur\u00e9e de lecture estim\u00e9e\" \/>\n\t<meta name=\"twitter:data1\" content=\"2 minutes\" \/>\n<script type=\"application\/ld+json\" class=\"yoast-schema-graph\">{\"@context\":\"https:\/\/schema.org\",\"@graph\":[{\"@type\":\"WebPage\",\"@id\":\"https:\/\/etcgoncalves.fr\/index.php\/a-propos\/\",\"url\":\"https:\/\/etcgoncalves.fr\/index.php\/a-propos\/\",\"name\":\"ETC Goncalves - Votre sp\u00e9cialiste de l'\u00e9tanch\u00e9it\u00e9 dans le 63\",\"isPartOf\":{\"@id\":\"https:\/\/etcgoncalves.fr\/#website\"},\"primaryImageOfPage\":{\"@id\":\"https:\/\/etcgoncalves.fr\/index.php\/a-propos\/#primaryimage\"},\"image\":{\"@id\":\"https:\/\/etcgoncalves.fr\/index.php\/a-propos\/#primaryimage\"},\"thumbnailUrl\":\"https:\/\/etcgoncalves.fr\/wp-content\/uploads\/2023\/05\/etancheite-toit-terrasse-etc-goncalves-rotated.jpg\",\"datePublished\":\"2023-04-26T11:37:20+00:00\",\"dateModified\":\"2023-08-07T11:37:50+00:00\",\"description\":\"ETC Goncalves - Vos travaux d\u2019\u00e9tanch\u00e9it\u00e9 et de couverture \u00e0 Clermont-Ferrand, dans le Puy-de-d\u00f4me (63) et l'Auvergne\",\"breadcrumb\":{\"@id\":\"https:\/\/etcgoncalves.fr\/index.php\/a-propos\/#breadcrumb\"},\"inLanguage\":\"fr-FR\",\"potentialAction\":[{\"@type\":\"ReadAction\",\"target\":[\"https:\/\/etcgoncalves.fr\/index.php\/a-propos\/\"]}]},{\"@type\":\"ImageObject\",\"inLanguage\":\"fr-FR\",\"@id\":\"https:\/\/etcgoncalves.fr\/index.php\/a-propos\/#primaryimage\",\"url\":\"https:\/\/etcgoncalves.fr\/wp-content\/uploads\/2023\/05\/etancheite-toit-terrasse-etc-goncalves-rotated.jpg\",\"contentUrl\":\"https:\/\/etcgoncalves.fr\/wp-content\/uploads\/2023\/05\/etancheite-toit-terrasse-etc-goncalves-rotated.jpg\",\"width\":750,\"height\":1000},{\"@type\":\"BreadcrumbList\",\"@id\":\"https:\/\/etcgoncalves.fr\/index.php\/a-propos\/#breadcrumb\",\"itemListElement\":[{\"@type\":\"ListItem\",\"position\":1,\"name\":\"Accueil\",\"item\":\"https:\/\/etcgoncalves.fr\/\"},{\"@type\":\"ListItem\",\"position\":2,\"name\":\"\u00c0 propos\"}]},{\"@type\":\"WebSite\",\"@id\":\"https:\/\/etcgoncalves.fr\/#website\",\"url\":\"https:\/\/etcgoncalves.fr\/\",\"name\":\"etcgoncalves.fr\",\"description\":\"\",\"publisher\":{\"@id\":\"https:\/\/etcgoncalves.fr\/#organization\"},\"potentialAction\":[{\"@type\":\"SearchAction\",\"target\":{\"@type\":\"EntryPoint\",\"urlTemplate\":\"https:\/\/etcgoncalves.fr\/?s={search_term_string}\"},\"query-input\":{\"@type\":\"PropertyValueSpecification\",\"valueRequired\":true,\"valueName\":\"search_term_string\"}}],\"inLanguage\":\"fr-FR\"},{\"@type\":\"Organization\",\"@id\":\"https:\/\/etcgoncalves.fr\/#organization\",\"name\":\"ETC Goncalves\",\"url\":\"https:\/\/etcgoncalves.fr\/\",\"logo\":{\"@type\":\"ImageObject\",\"inLanguage\":\"fr-FR\",\"@id\":\"https:\/\/etcgoncalves.fr\/#\/schema\/logo\/image\/\",\"url\":\"https:\/\/etcgoncalves.fr\/wp-content\/uploads\/2023\/04\/cropped-cropped-ETC-Goncalves-Logo-WEB-LIGHT-02.png\",\"contentUrl\":\"https:\/\/etcgoncalves.fr\/wp-content\/uploads\/2023\/04\/cropped-cropped-ETC-Goncalves-Logo-WEB-LIGHT-02.png\",\"width\":746,\"height\":181,\"caption\":\"ETC Goncalves\"},\"image\":{\"@id\":\"https:\/\/etcgoncalves.fr\/#\/schema\/logo\/image\/\"},\"sameAs\":[\"https:\/\/www.facebook.com\/etcgoncalves\/\",\"https:\/\/www.instagram.com\/etcgoncalves\/\",\"https:\/\/www.linkedin.com\/in\/thibault-goncalves-0b436a148\/\"]}]}<\/script>\n<!-- \/ Yoast SEO plugin. -->","yoast_head_json":{"title":"ETC Goncalves - Votre sp\u00e9cialiste de l'\u00e9tanch\u00e9it\u00e9 dans le 63","description":"ETC Goncalves - Vos travaux d\u2019\u00e9tanch\u00e9it\u00e9 et de couverture \u00e0 Clermont-Ferrand, dans le Puy-de-d\u00f4me (63) et l'Auvergne","robots":{"index":"index","follow":"follow","max-snippet":"max-snippet:-1","max-image-preview":"max-image-preview:large","max-video-preview":"max-video-preview:-1"},"canonical":"https:\/\/etcgoncalves.fr\/index.php\/a-propos\/","og_locale":"fr_FR","og_type":"article","og_title":"ETC Goncalves - Votre sp\u00e9cialiste de l'\u00e9tanch\u00e9it\u00e9 dans le 63","og_description":"ETC Goncalves - Vos travaux d\u2019\u00e9tanch\u00e9it\u00e9 et de couverture \u00e0 Clermont-Ferrand, dans le Puy-de-d\u00f4me (63) et l'Auvergne","og_url":"https:\/\/etcgoncalves.fr\/index.php\/a-propos\/","og_site_name":"ETC Goncalves","article_publisher":"https:\/\/www.facebook.com\/etcgoncalves\/","article_modified_time":"2023-08-07T11:37:50+00:00","og_image":[{"width":750,"height":1000,"url":"https:\/\/etcgoncalves.fr\/wp-content\/uploads\/2023\/05\/etancheite-toit-terrasse-etc-goncalves-rotated.jpg","type":"image\/jpeg"}],"twitter_card":"summary_large_image","twitter_misc":{"Dur\u00e9e de lecture estim\u00e9e":"2 minutes"},"schema":{"@context":"https:\/\/schema.org","@graph":[{"@type":"WebPage","@id":"https:\/\/etcgoncalves.fr\/index.php\/a-propos\/","url":"https:\/\/etcgoncalves.fr\/index.php\/a-propos\/","name":"ETC Goncalves - Votre sp\u00e9cialiste de l'\u00e9tanch\u00e9it\u00e9 dans le 63","isPartOf":{"@id":"https:\/\/etcgoncalves.fr\/#website"},"primaryImageOfPage":{"@id":"https:\/\/etcgoncalves.fr\/index.php\/a-propos\/#primaryimage"},"image":{"@id":"https:\/\/etcgoncalves.fr\/index.php\/a-propos\/#primaryimage"},"thumbnailUrl":"https:\/\/etcgoncalves.fr\/wp-content\/uploads\/2023\/05\/etancheite-toit-terrasse-etc-goncalves-rotated.jpg","datePublished":"2023-04-26T11:37:20+00:00","dateModified":"2023-08-07T11:37:50+00:00","description":"ETC Goncalves - Vos travaux d\u2019\u00e9tanch\u00e9it\u00e9 et de couverture \u00e0 Clermont-Ferrand, dans le Puy-de-d\u00f4me (63) et l'Auvergne","breadcrumb":{"@id":"https:\/\/etcgoncalves.fr\/index.php\/a-propos\/#breadcrumb"},"inLanguage":"fr-FR","potentialAction":[{"@type":"ReadAction","target":["https:\/\/etcgoncalves.fr\/index.php\/a-propos\/"]}]},{"@type":"ImageObject","inLanguage":"fr-FR","@id":"https:\/\/etcgoncalves.fr\/index.php\/a-propos\/#primaryimage","url":"https:\/\/etcgoncalves.fr\/wp-content\/uploads\/2023\/05\/etancheite-toit-terrasse-etc-goncalves-rotated.jpg","contentUrl":"https:\/\/etcgoncalves.fr\/wp-content\/uploads\/2023\/05\/etancheite-toit-terrasse-etc-goncalves-rotated.jpg","width":750,"height":1000},{"@type":"BreadcrumbList","@id":"https:\/\/etcgoncalves.fr\/index.php\/a-propos\/#breadcrumb","itemListElement":[{"@type":"ListItem","position":1,"name":"Accueil","item":"https:\/\/etcgoncalves.fr\/"},{"@type":"ListItem","position":2,"name":"\u00c0 propos"}]},{"@type":"WebSite","@id":"https:\/\/etcgoncalves.fr\/#website","url":"https:\/\/etcgoncalves.fr\/","name":"etcgoncalves.fr","description":"","publisher":{"@id":"https:\/\/etcgoncalves.fr\/#organization"},"potentialAction":[{"@type":"SearchAction","target":{"@type":"EntryPoint","urlTemplate":"https:\/\/etcgoncalves.fr\/?s={search_term_string}"},"query-input":{"@type":"PropertyValueSpecification","valueRequired":true,"valueName":"search_term_string"}}],"inLanguage":"fr-FR"},{"@type":"Organization","@id":"https:\/\/etcgoncalves.fr\/#organization","name":"ETC Goncalves","url":"https:\/\/etcgoncalves.fr\/","logo":{"@type":"ImageObject","inLanguage":"fr-FR","@id":"https:\/\/etcgoncalves.fr\/#\/schema\/logo\/image\/","url":"https:\/\/etcgoncalves.fr\/wp-content\/uploads\/2023\/04\/cropped-cropped-ETC-Goncalves-Logo-WEB-LIGHT-02.png","contentUrl":"https:\/\/etcgoncalves.fr\/wp-content\/uploads\/2023\/04\/cropped-cropped-ETC-Goncalves-Logo-WEB-LIGHT-02.png","width":746,"height":181,"caption":"ETC Goncalves"},"image":{"@id":"https:\/\/etcgoncalves.fr\/#\/schema\/logo\/image\/"},"sameAs":["https:\/\/www.facebook.com\/etcgoncalves\/","https:\/\/www.instagram.com\/etcgoncalves\/","https:\/\/www.linkedin.com\/in\/thibault-goncalves-0b436a148\/"]}]}},"_links":{"self":[{"href":"https:\/\/etcgoncalves.fr\/index.php\/wp-json\/wp\/v2\/pages\/44","targetHints":{"allow":["GET"]}}],"collection":[{"href":"https:\/\/etcgoncalves.fr\/index.php\/wp-json\/wp\/v2\/pages"}],"about":[{"href":"https:\/\/etcgoncalves.fr\/index.php\/wp-json\/wp\/v2\/types\/page"}],"author":[{"embeddable":true,"href":"https:\/\/etcgoncalves.fr\/index.php\/wp-json\/wp\/v2\/users\/1"}],"replies":[{"embeddable":true,"href":"https:\/\/etcgoncalves.fr\/index.php\/wp-json\/wp\/v2\/comments?post=44"}],"version-history":[{"count":47,"href":"https:\/\/etcgoncalves.fr\/index.php\/wp-json\/wp\/v2\/pages\/44\/revisions"}],"predecessor-version":[{"id":826,"href":"https:\/\/etcgoncalves.fr\/index.php\/wp-json\/wp\/v2\/pages\/44\/revisions\/826"}],"wp:featuredmedia":[{"embeddable":true,"href":"https:\/\/etcgoncalves.fr\/index.php\/wp-json\/wp\/v2\/media\/253"}],"wp:attachment":[{"href":"https:\/\/etcgoncalves.fr\/index.php\/wp-json\/wp\/v2\/media?parent=44"}],"curies":[{"name":"wp","href":"https:\/\/api.w.org\/{rel}","templated":true}]}}